{"id":632,"date":"2014-07-21T13:13:53","date_gmt":"2014-07-21T11:13:53","guid":{"rendered":"http:\/\/www.yogacentrumdrenthe.nl\/?page_id=632"},"modified":"2015-11-12T17:22:01","modified_gmt":"2015-11-12T15:22:01","slug":"vitamine-b12","status":"publish","type":"page","link":"https:\/\/namaskara.nl\/?page_id=632","title":{"rendered":"Vitamine B12"},"content":{"rendered":"<div id=\"content-wrapper\"><a href=\"https:\/\/vitamineb12nu.nl\/vitamine_b12-tekort_boek_hans_reijnen.php\">Vitamine B12, oorzaak van vele chronische klachten<\/a> Arts Hans Reijnen heeft zich de afgelopen 8 jaar met zijn hart en ziel volledig op dit nog -in Nederland- vrij onbekende fenomeen van het Vitamine B12-tekort gestort. Na lang zorgvuldig onderzoek, slaagde Hans erin het grote probleem van het Vitamine B12-tekort bij zijn pati\u00ebnten op te lossen. En die\u00a0<strong>oplossing<\/strong>\u00a0bleek, zoals wel vaker, heel slim en simpel. En relatief goedkoop. Want na dagelijkse toediening van\u00a0<strong>de twee juiste vormen van Vitamine B12 in zuigtabletvorm<\/strong>\u00a0in een bepaalde volgorde konden vele (echt ernstige) gezondheidsklachten, zowel geestelijk als lichamelijk, van zijn pati\u00ebnten in relatief korte tijd eindelijk, deels of zelfs in zijn geheel, worden opgelost. Want via die juiste, zorgvuldig geselecteerde, zeer effectieve vitamine B12-zuigtabletten in de mond, omzeil je dus in \u00e9\u00e9n klap dat lastige probleem van het niet kunnen omzetten van vitamine B12 via de dunne darm naar de bloedbaan.<strong>\u00a0In de mond komt vitamine B12 direct via het mondslijmvlies in de bloedbaan.<\/strong>\u00a0En dan kan het eindelijk weer zijn werk gaan doen.In zijn praktijk ontdekte hij de afgelopen acht jaar tot zijn groeiende verbazing dat deze vitamine B12-tekort-ziekte bij vele van zijn honderden pati\u00ebnten daadwerkelijk prominent en ook doorslaggevend aan de orde was. Pati\u00ebnten die overigens vaak vergeefs bij tal van andere behandelaren waren geweest voor verlossing van hun gezondheidsklachten. <strong>Dr. Hans Reijnen:\u00a0<\/strong>\u00a0<i><strong>\u201cIk heb tientallen pati\u00ebnten spectaculair zien verbeteren, waarbij de suppletie van Vitamine B12 een hoofdrol heeft vervuld. Diverse pati\u00ebnten kwamen in een rolstoel naar het spreekuur, terwijl zij nu weer lopen of zelfs tennissen\u201d.<\/strong>\u00a0\u201cOok in de psychiatrie, geriatrie en bij autisten zie ik regelmatig indrukwekkende veranderingen. Honderden pati\u00ebnten zijn enorm verbeterd. Natuurlijk zijn niet alle gevallen even spectaculair, maar bijna altijd zag ik substanti\u00eble verbeteringen optreden als ik de pati\u00ebnten van de juiste vorm van Vitamine B12 voorzag\u201d.<\/i> <strong>En als we het dan hebben over \u2018spectaculaire verbeteringen\u2019 dan hebben we het over mensen die nog maar zeer slecht ter been waren, of in een rolstoel zaten, en nu weer goed en geco\u00f6rdineerd en krachtig kunnen lopen. Mensen wier hersenfuncties zo slecht waren dat ze aan dementering begonnen te denken en die nu weer helder kunnen nadenken en niet meer van alles vergeten. Mensen met steeds terugkerende infectieziekten die dat ineens niet meer hebben. Mensen met depressie(s) die geheel weer opklaarden. Mensen met ADHD die weer rustig werden. Mensen met psychoses, autisme, met chronische vermoeidheid, met MS, met bloedarmoede, parodontitis, slapeloosheid, chronische darmziekten, vruchtbaarheidsproblemen; kinderen met lees-, geheugen en concentratieproblemen: allen mochten een enorme, ongekende, \u2018nooit meer gedachte\u2019, vooruitgang verwelkomen.<\/strong> Dus door de juiste, de juist gedoseerde en in de juiste volgorde ingenomen vitamine B12 zuigtabletten, verdween na relatief korte tijd, bij de meerderheid van de onderzoeksgroep, namelijk zo\u2019n 80% van de 540 personen, de ene na de andere ernstige chronische klacht, ziekte, afwijking, stoornis ten dele, voor een flink gedeelte. of zelfs in haar geheel! Voor velen onder ons die kampen met jarenlange gezondheidsklachten kan deze nieuwe specifieke Vitamine B12 zuigtablet- aanvulling het verlossende nieuws van &#8220;GETTING\u00a0 YOUR\u00a0 LIFE\u00a0 BACK!\u201d betekenen. Van een onderzoeksgroep van 540 van zijn pati\u00ebnten had na suppletie van twee soorten vitamine B12 19% (108 personen) lichte vooruitgang, 30% (162 personen) matige tot goede vooruitgang, 25% (135 personen) sterke vooruitgang en 25% (135 personen) zelfs spectaculaire vooruitgang. (E\u00e9n pati\u00ebnt vertoonde geen enkele verbetering en \u00e9\u00e9n pati\u00ebnt kwam niet terug). Met andere woorden: Van een groep van 540 pati\u00ebnten mocht de helft, 50%, 270 personen, een sterke tot spectaculaire vooruitgang van hun gekwelde gezondheid bespeuren. En dertig procent, 162 personen een matige tot goede vooruitgang. Van de resterende groep van 20%, 108 personen, was sprake van een lichte vooruitgang. Dat lijken me, al met al, resultaten waar iedere werker in de gezondheidszorg direct voor zou tekenen.<\/div>\n","protected":false},"excerpt":{"rendered":"<p>Vitamine B12, oorzaak van vele chronische klachten Arts Hans Reijnen heeft zich de afgelopen 8 jaar met zijn hart en ziel volledig op dit nog -in Nederland- vrij onbekende fenomeen van het Vitamine B12-tekort gestort. Na lang zorgvuldig onderzoek, slaagde &hellip; <a href=\"https:\/\/namaskara.nl\/?page_id=632\">Lees verder <span class=\"meta-nav\">&rarr;<\/span><\/a><\/p>\n","protected":false},"author":1,"featured_media":0,"parent":162,"menu_order":0,"comment_status":"closed","ping_status":"closed","template":"","meta":{"footnotes":""},"class_list":["post-632","page","type-page","status-publish","hentry"],"_links":{"self":[{"href":"https:\/\/namaskara.nl\/index.php?rest_route=\/wp\/v2\/pages\/632","targetHints":{"allow":["GET"]}}],"collection":[{"href":"https:\/\/namaskara.nl\/index.php?rest_route=\/wp\/v2\/pages"}],"about":[{"href":"https:\/\/namaskara.nl\/index.php?rest_route=\/wp\/v2\/types\/page"}],"author":[{"embeddable":true,"href":"https:\/\/namaskara.nl\/index.php?rest_route=\/wp\/v2\/users\/1"}],"replies":[{"embeddable":true,"href":"https:\/\/namaskara.nl\/index.php?rest_route=%2Fwp%2Fv2%2Fcomments&post=632"}],"version-history":[{"count":2,"href":"https:\/\/namaskara.nl\/index.php?rest_route=\/wp\/v2\/pages\/632\/revisions"}],"predecessor-version":[{"id":659,"href":"https:\/\/namaskara.nl\/index.php?rest_route=\/wp\/v2\/pages\/632\/revisions\/659"}],"up":[{"embeddable":true,"href":"https:\/\/namaskara.nl\/index.php?rest_route=\/wp\/v2\/pages\/162"}],"wp:attachment":[{"href":"https:\/\/namaskara.nl\/index.php?rest_route=%2Fwp%2Fv2%2Fmedia&parent=632"}],"curies":[{"name":"wp","href":"https:\/\/api.w.org\/{rel}","templated":true}]}}